{"id":208,"date":"2016-02-22T13:51:45","date_gmt":"2016-02-22T13:51:45","guid":{"rendered":"http:\/\/www.grenortrade.ee\/?page_id=208&#038;lang=en"},"modified":"2021-01-27T07:30:36","modified_gmt":"2021-01-27T07:30:36","slug":"contact","status":"publish","type":"page","link":"https:\/\/www.grenortrade.ee\/en\/contact\/","title":{"rendered":"Contact"},"content":{"rendered":"<h3><strong>Grenor Trade O\u00dc<\/strong><\/h3>\n<p>Reg. code 10500525<br \/>\nKase tn 18, 80010, P\u00e4rnu, P\u00e4rnu County<br \/>\n<strong>E-mail:<\/strong> <a href=\"mailto:info@grenortrade.ee\">info@grenortrade.ee<\/a><br \/>\n<a href=\"mailto:arved@grenortrade.ee\">arved@grenortrade.ee<\/a><br \/>\nwww.grenortrade.ee<\/p>\n<h3><strong><br \/>\nOur team<\/strong><\/h3>\n<p><strong>Jaanika K\u00fcnnarp\u00e4\u00e4<\/strong> (Office Manager)<br \/>\n<em>56058288 | <a href=\"mailto:info@grenortrade.ee\">info@grenortrade.ee<\/a><br \/>\n<\/em><br \/>\n<strong>Allar Pinnar<\/strong> (Manager)<br \/>\n<em>5107466 | <a href=\"mailto:allar@grenortrade.ee\">grenor@hot.ee<\/a><br \/>\n<\/em><br \/>\n<strong>Egon \u00dcpraus<\/strong> (Financial Manager)<br \/>\n<em>5026112 | grenortrade@gmail.com<br \/>\n<\/em><br \/>\n<strong>Aleksander Bilan<\/strong> (Operations Manager)<br \/>\n<em>556620740 | <a href=\"mailto:marko@grenortrade.ee\"><strong>aleksanderbilan@hotmail.com<\/strong><\/a><strong><br \/>\n<\/strong><\/em><\/p>\n<p><strong>Ragnar P\u00e4rn<\/strong> (Operations Manager)<br \/>\n<em>58236290 | <a href=\"mailto:marko@grenortrade.ee\"><strong>ragnar@grenortrade.ee<\/strong><\/a><\/em><\/p>\n","protected":false},"excerpt":{"rendered":"<p>Grenor Trade O\u00dc Reg. code 10500525 Kase tn 18, 80010, P\u00e4rnu, P\u00e4rnu County E-mail: info@grenortrade.ee arved@grenortrade.ee www.grenortrade.ee Our team Jaanika K\u00fcnnarp\u00e4\u00e4 (Office Manager) 56058288 | info@grenortrade.ee Allar Pinnar (Manager) 5107466 | grenor@hot.ee Egon \u00dcpraus (Financial Manager) 5026112 | grenortrade@gmail.com Aleksander Bilan (Operations Manager) 556620740 | aleksanderbilan@hotmail.com Ragnar P\u00e4rn (Operations Manager) 58236290 | ragnar@grenortrade.ee<\/p>\n","protected":false},"author":1,"featured_media":0,"parent":0,"menu_order":0,"comment_status":"closed","ping_status":"closed","template":"page-contact.php","meta":{"footnotes":""},"class_list":["post-208","page","type-page","status-publish","hentry"],"_links":{"self":[{"href":"https:\/\/www.grenortrade.ee\/en\/wp-json\/wp\/v2\/pages\/208","targetHints":{"allow":["GET"]}}],"collection":[{"href":"https:\/\/www.grenortrade.ee\/en\/wp-json\/wp\/v2\/pages"}],"about":[{"href":"https:\/\/www.grenortrade.ee\/en\/wp-json\/wp\/v2\/types\/page"}],"author":[{"embeddable":true,"href":"https:\/\/www.grenortrade.ee\/en\/wp-json\/wp\/v2\/users\/1"}],"replies":[{"embeddable":true,"href":"https:\/\/www.grenortrade.ee\/en\/wp-json\/wp\/v2\/comments?post=208"}],"version-history":[{"count":4,"href":"https:\/\/www.grenortrade.ee\/en\/wp-json\/wp\/v2\/pages\/208\/revisions"}],"predecessor-version":[{"id":287,"href":"https:\/\/www.grenortrade.ee\/en\/wp-json\/wp\/v2\/pages\/208\/revisions\/287"}],"wp:attachment":[{"href":"https:\/\/www.grenortrade.ee\/en\/wp-json\/wp\/v2\/media?parent=208"}],"curies":[{"name":"wp","href":"https:\/\/api.w.org\/{rel}","templated":true}]}}