{"id":190,"date":"2016-02-22T13:23:06","date_gmt":"2016-02-22T13:23:06","guid":{"rendered":"http:\/\/www.grenortrade.ee\/?page_id=190&#038;lang=en"},"modified":"2021-01-27T07:37:05","modified_gmt":"2021-01-27T07:37:05","slug":"wood-chips","status":"publish","type":"page","link":"https:\/\/www.grenortrade.ee\/en\/wood-chips\/","title":{"rendered":"Wood chips"},"content":{"rendered":"<p>Our main area of activity in producing wood chips is P\u00e4rnu, Harju and L\u00e4\u00e4ne County. In order to collect the raw material necessary to produce wood chips, we cooperate with various forestry and agricultural companies as well as sawmills and private land owners.<\/p>\n<p>Felling forest material necessary to produce wood chips is done with the use of Volvo and Komatsu excavators equipped with brush guillotines. The guillotines are made in cooperation between Grenor Trade O\u00dc and M\u00f5isak\u00fcla Masinatehas O\u00dc, ensuring the quality of the guillotines as well as of the work done with them. Guillotine cutting ensures a cut very close to the ground.<\/p>\n<p>We collect the forest material with the use of Ponsse and Timberjack forwarders.<br \/>\nWood is chipped using Jenz wood chippers.<br \/>\nWe have trailers with moving floors and trucks equipped with multilift boxes to transport wood chips.<\/p>\n<p>We employ the use of an interim storage facility to ensure continued supply. We deliver wood chips to Fortum Eesti AS and Skano Fibreboard O\u00dc as well as to the private sector and small boiler plants.<\/p>\n<p>&nbsp;<\/p>\n<p style=\"text-align: center;\"><a href=\"http:\/\/www.grenortrade.ee\/en\/contact\/\"><strong>CONTACT US<\/strong><\/a><\/p>\n","protected":false},"excerpt":{"rendered":"<p>Our main area of activity in producing wood chips is P\u00e4rnu, Harju and L\u00e4\u00e4ne County. In order to collect the raw material necessary to produce wood chips, we cooperate with various forestry and agricultural companies as well as sawmills and private land owners. Felling forest material necessary to produce wood chips is done with the [&hellip;]<\/p>\n","protected":false},"author":1,"featured_media":0,"parent":0,"menu_order":0,"comment_status":"closed","ping_status":"closed","template":"","meta":{"footnotes":""},"class_list":["post-190","page","type-page","status-publish","hentry"],"_links":{"self":[{"href":"https:\/\/www.grenortrade.ee\/en\/wp-json\/wp\/v2\/pages\/190","targetHints":{"allow":["GET"]}}],"collection":[{"href":"https:\/\/www.grenortrade.ee\/en\/wp-json\/wp\/v2\/pages"}],"about":[{"href":"https:\/\/www.grenortrade.ee\/en\/wp-json\/wp\/v2\/types\/page"}],"author":[{"embeddable":true,"href":"https:\/\/www.grenortrade.ee\/en\/wp-json\/wp\/v2\/users\/1"}],"replies":[{"embeddable":true,"href":"https:\/\/www.grenortrade.ee\/en\/wp-json\/wp\/v2\/comments?post=190"}],"version-history":[{"count":4,"href":"https:\/\/www.grenortrade.ee\/en\/wp-json\/wp\/v2\/pages\/190\/revisions"}],"predecessor-version":[{"id":291,"href":"https:\/\/www.grenortrade.ee\/en\/wp-json\/wp\/v2\/pages\/190\/revisions\/291"}],"wp:attachment":[{"href":"https:\/\/www.grenortrade.ee\/en\/wp-json\/wp\/v2\/media?parent=190"}],"curies":[{"name":"wp","href":"https:\/\/api.w.org\/{rel}","templated":true}]}}