{"id":212,"date":"2016-02-22T14:04:25","date_gmt":"2016-02-22T14:04:25","guid":{"rendered":"http:\/\/www.grenortrade.ee\/?page_id=212&#038;lang=de"},"modified":"2016-02-22T14:04:25","modified_gmt":"2016-02-22T14:04:25","slug":"kontakt","status":"publish","type":"page","link":"https:\/\/www.grenortrade.ee\/de\/kontakt\/","title":{"rendered":"Kontakt"},"content":{"rendered":"<h3><strong>Grenor Trade O\u00dc<\/strong><\/h3>\n<p>Reg nr. 10500525<br \/>\nKase str 18, Eintragungsnummer 80010, P\u00e4rnu, P\u00e4rnumaa<br \/>\n<strong>E-mail:<\/strong> <a href=\"mailto:info@grenortrade.ee\">info@grenortrade.ee<\/a><br \/>\n<a href=\"mailto:arved@grenortrade.ee\">arved@grenortrade.ee<\/a><br \/>\nwww.grenortrade.ee<\/p>\n<h3><strong><br \/>\nTEAM<\/strong><\/h3>\n<p><strong>Jaanika K\u00fcnnarp\u00e4\u00e4<\/strong> (B\u00fcroleiterin)<br \/>\n<em>56058288 | <a href=\"mailto:info@grenortrade.ee\">info@grenortrade.ee<\/a><br \/>\n<\/em><br \/>\n<strong>Allar Pinnar<\/strong> (Leiter)<br \/>\n<em>5107466 | <a href=\"mailto:allar@grenortrade.ee\">allar@grenortrade.ee<\/a><br \/>\n<\/em><br \/>\n<strong>Lauri J\u00fcrgenson<\/strong> (Arbeitsleiter)<br \/>\n<em>5577446 | <a href=\"mailto:lauri@grenortrade.ee\">lauri@grenortrade.ee<\/a><br \/>\n<\/em><br \/>\n<strong>Egon \u00dcpraus<\/strong> (Finanzleiter)<br \/>\n<em>5026112 | <a href=\"mailto:egon@grenortrade.ee\">egon@grenortrade.ee<\/a><br \/>\n<\/em><br \/>\n<strong>Marko Kanarbik<\/strong> (Leiter der Abteilung Mulch)<br \/>\n<em>53338300 | <a href=\"mailto:marko@grenortrade.ee\">marko@grenortrade.ee<\/a><strong><br \/>\n<\/strong><\/em><\/p>\n","protected":false},"excerpt":{"rendered":"<p>Grenor Trade O\u00dc Reg nr. 10500525 Kase str 18, Eintragungsnummer 80010, P\u00e4rnu, P\u00e4rnumaa E-mail: info@grenortrade.ee arved@grenortrade.ee www.grenortrade.ee TEAM Jaanika K\u00fcnnarp\u00e4\u00e4 (B\u00fcroleiterin) 56058288 | info@grenortrade.ee Allar Pinnar (Leiter) 5107466 | allar@grenortrade.ee Lauri J\u00fcrgenson (Arbeitsleiter) 5577446 | lauri@grenortrade.ee Egon \u00dcpraus (Finanzleiter) 5026112 | egon@grenortrade.ee Marko Kanarbik (Leiter der Abteilung Mulch) 53338300 | marko@grenortrade.ee<\/p>\n","protected":false},"author":1,"featured_media":0,"parent":0,"menu_order":0,"comment_status":"closed","ping_status":"closed","template":"page-contact.php","meta":{"footnotes":""},"class_list":["post-212","page","type-page","status-publish","hentry"],"_links":{"self":[{"href":"https:\/\/www.grenortrade.ee\/de\/wp-json\/wp\/v2\/pages\/212","targetHints":{"allow":["GET"]}}],"collection":[{"href":"https:\/\/www.grenortrade.ee\/de\/wp-json\/wp\/v2\/pages"}],"about":[{"href":"https:\/\/www.grenortrade.ee\/de\/wp-json\/wp\/v2\/types\/page"}],"author":[{"embeddable":true,"href":"https:\/\/www.grenortrade.ee\/de\/wp-json\/wp\/v2\/users\/1"}],"replies":[{"embeddable":true,"href":"https:\/\/www.grenortrade.ee\/de\/wp-json\/wp\/v2\/comments?post=212"}],"version-history":[{"count":1,"href":"https:\/\/www.grenortrade.ee\/de\/wp-json\/wp\/v2\/pages\/212\/revisions"}],"predecessor-version":[{"id":213,"href":"https:\/\/www.grenortrade.ee\/de\/wp-json\/wp\/v2\/pages\/212\/revisions\/213"}],"wp:attachment":[{"href":"https:\/\/www.grenortrade.ee\/de\/wp-json\/wp\/v2\/media?parent=212"}],"curies":[{"name":"wp","href":"https:\/\/api.w.org\/{rel}","templated":true}]}}