{"id":192,"date":"2016-02-22T13:25:44","date_gmt":"2016-02-22T13:25:44","guid":{"rendered":"http:\/\/www.grenortrade.ee\/?page_id=192&#038;lang=de"},"modified":"2016-02-23T14:29:48","modified_gmt":"2016-02-23T14:29:48","slug":"hackschnitzel","status":"publish","type":"page","link":"https:\/\/www.grenortrade.ee\/de\/hackschnitzel\/","title":{"rendered":"Hackschnitzel"},"content":{"rendered":"<p>Die Hauptt\u00e4tigkeitsregion, in der Hackschnitzel hergestellt werden, ist P\u00e4rnumaa. Zur Anschaffung von Rohmaterial, das zur Herstellung von Hackschnitzeln ben\u00f6tigt wird, arbeiten wir mit verschiedenen Forst- und Landwirtschaftsunternehmen sowie mit S\u00e4gewerken und Inhabern von Privatgrundst\u00fccken zusammen.<\/p>\n<p>Zum F\u00e4llen von Forstmaterial, das zur Herstellung von Hackholz ben\u00f6tigt wird, verwenden wir Bagger von Volvo und Komatsu, an die die Unterholzbeile angebracht sind. Die Beile wurden als Ergebnis der Zusammenarbeit der Grenor Trade O\u00dc und M\u00f5isak\u00fcla Masinatehas O\u00dc angefertigt, was die Qualit\u00e4t der Beile und der mit ihnen durchgef\u00fchrten Arbeiten garantiert. Das Schneiden mit einem Beil garantiert einen ebenerdigen Schnitt.<\/p>\n<p>Beim Sammeln von Forstmaterial benutzen wir Forwarder Belarus und Timberjack.<br \/>\nBeim Hacken von Holz verwenden wir Holzhackmaschinen Bruks und Heizohack.<br \/>\nZur Bef\u00f6rderung von Hackholz haben wir Anh\u00e4nger mit einem beweglichen Boden und Fahrzeuge, die mit Multilift-K\u00e4sten ausger\u00fcstet sind.<\/p>\n<p>Zur Gew\u00e4hrleistung der Liefersicherheit haben wir ein Zwischenlager. Wir liefern Hackholz an die Fortum Eesti AS und an die Skano Fibreboard O\u00dc sowie an den Privatsektor und an kleinere Heizwerke.<\/p>\n<p>&nbsp;<\/p>\n<p style=\"text-align: center;\"><a href=\"http:\/\/www.grenortrade.ee\/de\/kontakt\/\"><strong>KONTAKT<\/strong><\/a><\/p>\n","protected":false},"excerpt":{"rendered":"<p>Die Hauptt\u00e4tigkeitsregion, in der Hackschnitzel hergestellt werden, ist P\u00e4rnumaa. Zur Anschaffung von Rohmaterial, das zur Herstellung von Hackschnitzeln ben\u00f6tigt wird, arbeiten wir mit verschiedenen Forst- und Landwirtschaftsunternehmen sowie mit S\u00e4gewerken und Inhabern von Privatgrundst\u00fccken zusammen. Zum F\u00e4llen von Forstmaterial, das zur Herstellung von Hackholz ben\u00f6tigt wird, verwenden wir Bagger von Volvo und Komatsu, an die [&hellip;]<\/p>\n","protected":false},"author":1,"featured_media":0,"parent":0,"menu_order":0,"comment_status":"closed","ping_status":"closed","template":"","meta":{"footnotes":""},"class_list":["post-192","page","type-page","status-publish","hentry"],"_links":{"self":[{"href":"https:\/\/www.grenortrade.ee\/de\/wp-json\/wp\/v2\/pages\/192","targetHints":{"allow":["GET"]}}],"collection":[{"href":"https:\/\/www.grenortrade.ee\/de\/wp-json\/wp\/v2\/pages"}],"about":[{"href":"https:\/\/www.grenortrade.ee\/de\/wp-json\/wp\/v2\/types\/page"}],"author":[{"embeddable":true,"href":"https:\/\/www.grenortrade.ee\/de\/wp-json\/wp\/v2\/users\/1"}],"replies":[{"embeddable":true,"href":"https:\/\/www.grenortrade.ee\/de\/wp-json\/wp\/v2\/comments?post=192"}],"version-history":[{"count":2,"href":"https:\/\/www.grenortrade.ee\/de\/wp-json\/wp\/v2\/pages\/192\/revisions"}],"predecessor-version":[{"id":259,"href":"https:\/\/www.grenortrade.ee\/de\/wp-json\/wp\/v2\/pages\/192\/revisions\/259"}],"wp:attachment":[{"href":"https:\/\/www.grenortrade.ee\/de\/wp-json\/wp\/v2\/media?parent=192"}],"curies":[{"name":"wp","href":"https:\/\/api.w.org\/{rel}","templated":true}]}}