{"id":183,"date":"2016-02-22T13:03:38","date_gmt":"2016-02-22T13:03:38","guid":{"rendered":"http:\/\/www.grenortrade.ee\/?page_id=183&#038;lang=de"},"modified":"2016-02-23T14:29:07","modified_gmt":"2016-02-23T14:29:07","slug":"mulch","status":"publish","type":"page","link":"https:\/\/www.grenortrade.ee\/de\/mulch\/","title":{"rendered":"Mulch"},"content":{"rendered":"<p>Farbiger Mulch von Grenor Trade wird aus hochwertigem Stammhackgut von Laub- und Nadelb\u00e4umen angefertigt, bei dessen Herstellung dem Prinzip der Schonung der Natur eine besondere Aufmerksamkeit zugewandt und ein T\u00e4tigkeitsplan beachtet wird, der die Anforderungen der ISO-Norm erf\u00fcllt. Als Farbstoffe werden spezielle nat\u00fcrliche Pigmente benutzt, die auf Eisenoxid basieren. Zum F\u00e4rben wird ein nach der Sonderbestellung angefertigtes Ger\u00e4t verwendet, das nach der Mischmethode Hackholz f\u00e4rbt. Dadurch wird beim Holz ein gleichm\u00e4\u00dfiger Farbton garantiert und Situationen vermieden, dass die Fertigproduktion die Fertigungslinie teilweise ohne Farbbeschichtung verlassen wird. Die spezielle Farbe f\u00fcr Hackholz BayScape entspricht den Anforderungen der EU, die f\u00fcr die Menschen, Tiere, Pflanzen, f\u00fcr den Erdboden und das Grundwasser die Sicherheit garantieren. Deshalb eignet sich farbiger Mulch von Grenor Trade f\u00fcr die Verwendung in Beeten, auf Pfaden, Spielpl\u00e4tzen usw.<\/p>\n<p>Bei Verwendung in Beeten \u00e4hneln seine Eigenschaften denen des gew\u00f6hnlichen Mulches aus Hackholz, d. h. er sch\u00fctzt den Boden vor Trocknung, hindert den Wuchs von Unkraut, verh\u00fctet die Erosion usw. Dank der Benutzung von Mulch wird weniger D\u00fcngemittel und Sprengwasser ben\u00f6tigt. Das Mulchen ist also sowohl f\u00fcr die Gesundheit des G\u00e4rtners als auch f\u00fcr seine Geldtasche g\u00fcnstig. Die Verwendung von Mulch verringert den Arbeitsaufwand beim Landbau. Beim Durchgraben oder Pfl\u00fcgen eines Beetes oder Grundst\u00fccks heben wir Unkrautsamen auf den Erdboden, wo sie keimen und wegen des wiederholten J\u00e4tens m\u00fcssen wir mehr arbeiten. Besonders schwer ist es, Wurzelunkraut zu bek\u00e4mpfen. Das J\u00e4ten bringt wieder Unkrautsamen auf den Erdboden und so wird das J\u00e4ten nie ein Ende haben. Entscheiden Sie sich f\u00fcr chemische Unkrautbek\u00e4mpfung, so werden Sie Geld verschwenden und sich selbst, Oberfl\u00e4chen- und Grundwasser und im Boden lebende Organismen vergiften. Es scheint so zu sein, dass das Mulchen die einzige vern\u00fcnftige L\u00f6sung ist.<\/p>\n<p>&nbsp;<\/p>\n<p><strong>Wann ist die richtige Nutzungszeit?<br \/>\n<\/strong><br \/>\nDie beste Zeit zur Bedeckung von Fl\u00e4chen mit Mulch oder zum Austauschen von altem Mulch ist der Fr\u00fchling, unmittelbar nach dem Auftauen von Schnee. Es empfiehlt sich, einen speziellen Beetteppich unter die Mulchschicht zu legen. Die optimale Dicke der Mulchschicht bei Verendung eines Beetteppichs ist 5 bis 8 cm. Bei Bedeckung einer Erdbodenfl\u00e4che k\u00f6nnte die Dicke der Mulchschicht mindestens 10 cm betragen. Wenn Sie es w\u00fcnschen, dass der Erdboden schneller weich w\u00fcrde, sollten Sie mit dem Mulchen ein bi\u00dfchen warten.<\/p>\n<p>Der farbige Mulch wird der Gestaltung Ihres Gartens ganz bestimmt ein neues, individuelles Aussehen verleihen und l\u00e4sst Fantasien h\u00f6her fliegen als beim bisher benutzten Kieferrindenmulch oder traditionellen Hackschnitzelmulch.<br \/>\nStandardfarbt\u00f6ne, aus dem Lager erh\u00e4ltlich: nat\u00fcrlich, rot, braun, schwarz.<br \/>\nEs ist m\u00f6glich, auch die folgenden Farbt\u00f6ne zu bestellen: gelb, blau, gr\u00fcn. Beim Bestellen dieser T\u00f6ne mu\u00df man die Lieferzeit und den Preis speziell vereinbaren.<\/p>\n<p>&nbsp;<\/p>\n<p style=\"text-align: center;\"><a href=\"http:\/\/www.grenortrade.ee\/de\/kontakt\/\"><strong>KONTAKT<\/strong><\/a><\/p>\n","protected":false},"excerpt":{"rendered":"<p>Farbiger Mulch von Grenor Trade wird aus hochwertigem Stammhackgut von Laub- und Nadelb\u00e4umen angefertigt, bei dessen Herstellung dem Prinzip der Schonung der Natur eine besondere Aufmerksamkeit zugewandt und ein T\u00e4tigkeitsplan beachtet wird, der die Anforderungen der ISO-Norm erf\u00fcllt. Als Farbstoffe werden spezielle nat\u00fcrliche Pigmente benutzt, die auf Eisenoxid basieren. Zum F\u00e4rben wird ein nach der [&hellip;]<\/p>\n","protected":false},"author":1,"featured_media":0,"parent":0,"menu_order":0,"comment_status":"closed","ping_status":"closed","template":"","meta":{"footnotes":""},"class_list":["post-183","page","type-page","status-publish","hentry"],"_links":{"self":[{"href":"https:\/\/www.grenortrade.ee\/de\/wp-json\/wp\/v2\/pages\/183","targetHints":{"allow":["GET"]}}],"collection":[{"href":"https:\/\/www.grenortrade.ee\/de\/wp-json\/wp\/v2\/pages"}],"about":[{"href":"https:\/\/www.grenortrade.ee\/de\/wp-json\/wp\/v2\/types\/page"}],"author":[{"embeddable":true,"href":"https:\/\/www.grenortrade.ee\/de\/wp-json\/wp\/v2\/users\/1"}],"replies":[{"embeddable":true,"href":"https:\/\/www.grenortrade.ee\/de\/wp-json\/wp\/v2\/comments?post=183"}],"version-history":[{"count":2,"href":"https:\/\/www.grenortrade.ee\/de\/wp-json\/wp\/v2\/pages\/183\/revisions"}],"predecessor-version":[{"id":257,"href":"https:\/\/www.grenortrade.ee\/de\/wp-json\/wp\/v2\/pages\/183\/revisions\/257"}],"wp:attachment":[{"href":"https:\/\/www.grenortrade.ee\/de\/wp-json\/wp\/v2\/media?parent=183"}],"curies":[{"name":"wp","href":"https:\/\/api.w.org\/{rel}","templated":true}]}}